{"id":9,"date":"2023-10-11T08:01:06","date_gmt":"2023-10-11T08:01:06","guid":{"rendered":"https:\/\/solvalla.vmate.se\/elitloppet\/?page_id=9"},"modified":"2023-10-17T17:29:57","modified_gmt":"2023-10-17T15:29:57","slug":"mat-dryck","status":"publish","type":"page","link":"https:\/\/solvalla.vmate.se\/elitloppet\/mat-dryck\/","title":{"rendered":"Mat &amp; Dryck"},"content":{"rendered":"<section class=\"content-block content-block--core content-block--group\"><div class=\"container-fluid\"><div class=\"row\"><div class=\"col-12\">\n<div class=\"wp-block-group has-global-padding is-content-justification-left is-layout-constrained wp-container-core-group-is-layout-b45bb346 wp-block-group-is-layout-constrained\">\n<p><strong>P\u00e5 Solvallas restauranger kan du njuta av ett brett utbud av mat i sp\u00e4nnande milj\u00f6. Ta med dina v\u00e4nner till trav-Sveriges h\u00e4ftigaste helg!<\/strong><br>I restaurangerna serverar vi drygt&nbsp;10.000&nbsp;sittande g\u00e4ster \u00f6ver helgen med allt fr\u00e5n korv med br\u00f6d, buff\u00e9er och grilltallrikar till trer\u00e4tters- och avsmakningsmenyer.<br><strong>F\u00f6r publiken utomhus<\/strong>&nbsp;finns ett varierat och sp\u00e4nnande utbud i de olika serveringsomr\u00e5dena.<\/p>\n\n\n\n<p>Ett urval av restaurangbiljetter sl\u00e4pps 4 december 2023. Samtliga restaurangbiljetter sl\u00e4pps prelimin\u00e4rt i slutet av februari 2024.<\/p>\n<\/div>\n<\/div><\/div><\/div><\/section>\n\n<section class=\"content-block content-block--core content-block--group\"><div class=\"container-fluid\"><div class=\"row\"><div class=\"col-12\"><\/div><\/div><\/div><\/section>","protected":false},"excerpt":{"rendered":"<p>P\u00e5 Solvallas restauranger kan du njuta av ett brett utbud av mat i sp\u00e4nnande milj\u00f6. Ta med dina v\u00e4nner till trav-Sveriges h\u00e4ftigaste helg!I restaurangerna serverar vi drygt&nbsp;10.000&nbsp;sittande g\u00e4ster \u00f6ver helgen med allt fr\u00e5n korv med br\u00f6d, buff\u00e9er och grilltallrikar till trer\u00e4tters- och avsmakningsmenyer.F\u00f6r publiken utomhus&nbsp;finns ett varierat och sp\u00e4nnande utbud i de olika serveringsomr\u00e5dena. Ett [&hellip;]<\/p>\n","protected":false},"author":1,"featured_media":0,"parent":0,"menu_order":0,"comment_status":"closed","ping_status":"closed","template":"","meta":{"_acf_changed":false,"footnotes":""},"class_list":["post-9","page","type-page","status-publish","hentry"],"acf":[],"_links":{"self":[{"href":"https:\/\/solvalla.vmate.se\/elitloppet\/wp-json\/wp\/v2\/pages\/9","targetHints":{"allow":["GET"]}}],"collection":[{"href":"https:\/\/solvalla.vmate.se\/elitloppet\/wp-json\/wp\/v2\/pages"}],"about":[{"href":"https:\/\/solvalla.vmate.se\/elitloppet\/wp-json\/wp\/v2\/types\/page"}],"author":[{"embeddable":true,"href":"https:\/\/solvalla.vmate.se\/elitloppet\/wp-json\/wp\/v2\/users\/1"}],"replies":[{"embeddable":true,"href":"https:\/\/solvalla.vmate.se\/elitloppet\/wp-json\/wp\/v2\/comments?post=9"}],"version-history":[{"count":28,"href":"https:\/\/solvalla.vmate.se\/elitloppet\/wp-json\/wp\/v2\/pages\/9\/revisions"}],"predecessor-version":[{"id":770,"href":"https:\/\/solvalla.vmate.se\/elitloppet\/wp-json\/wp\/v2\/pages\/9\/revisions\/770"}],"wp:attachment":[{"href":"https:\/\/solvalla.vmate.se\/elitloppet\/wp-json\/wp\/v2\/media?parent=9"}],"curies":[{"name":"wp","href":"https:\/\/api.w.org\/{rel}","templated":true}]}}