{"id":217,"date":"2023-10-13T10:57:35","date_gmt":"2023-10-13T10:57:35","guid":{"rendered":"https:\/\/solvalla.vmate.se\/elitloppet\/?page_id=217"},"modified":"2023-10-18T12:39:40","modified_gmt":"2023-10-18T10:39:40","slug":"om-elitkampen","status":"publish","type":"page","link":"https:\/\/solvalla.vmate.se\/elitloppet\/elitkampen\/om-elitkampen\/","title":{"rendered":"Om Elitkampen"},"content":{"rendered":"<section class=\"content-block content-block--core content-block--group\"><div class=\"container-fluid\"><div class=\"row\"><div class=\"col-12\">\n<div class=\"wp-block-group has-global-padding is-content-justification-left is-layout-constrained wp-container-core-group-is-layout-b45bb346 wp-block-group-is-layout-constrained\">\n<p class=\"has-medium-font-size\"><strong>Om Nordisk Elitkamp, G\u00e4vleborgs Elitkamp, Elitkampen, Jim Fricks lopp. K\u00e4rt barn har som bekant m\u00e5nga namn och loppet har blivit en verklig h\u00f6jdpunkt under Elitloppshelgen.<\/strong><\/p>\n\n\n\n<p>Den kallblodiga rasens fartfest har bjudit p\u00e5 fantastiska prestationer, sp\u00e4nning och inte minst underh\u00e5llning!<\/p>\n\n\n\n<p>Som n\u00e4r Arve&nbsp;Gudbrand&nbsp;Blihovde&nbsp;segerdefilerade ridande (!) p\u00e5 Atom Vinters rygg,&nbsp;Vieskers&nbsp;segert\u00e5g, Vitters banrekord och sj\u00e4lvklart J\u00e4rvs\u00f6faks dominans i b\u00f6rjan av 2000-talet.<\/p>\n\n\n\n<p><strong>Elitkampen har k\u00f6rts sedan premi\u00e4r\u00e5ret 1986<\/strong>&nbsp;p\u00e5 Solvalla i samband med Elitloppet och tv\u00e5 h\u00e4star har tagit fem segrar i f\u00f6ljd; finske superstj\u00e4rnan&nbsp;Viesker&nbsp;och svenska kallblodsfenomenet J\u00e4rvs\u00f6faks \u2013 b\u00e5da har som avelshingstar dessutom l\u00e4mnat vinnare av Elitkampen!<\/p>\n\n\n\n<p>2022 fick Elitkampen Jim Fricks Lopp ytterligare ett lyft d\u00e5 vinnaren f\u00f6r f\u00f6rsta g\u00e5ngen n\u00e5gonsin erh\u00f6ll en miljon kronor i ett svenskt kallblodslopp.<\/p>\n<\/div>\n<\/div><\/div><\/div><\/section>","protected":false},"excerpt":{"rendered":"<p>Om Nordisk Elitkamp, G\u00e4vleborgs Elitkamp, Elitkampen, Jim Fricks lopp. K\u00e4rt barn har som bekant m\u00e5nga namn och loppet har blivit en verklig h\u00f6jdpunkt under Elitloppshelgen. Den kallblodiga rasens fartfest har bjudit p\u00e5 fantastiska prestationer, sp\u00e4nning och inte minst underh\u00e5llning! Som n\u00e4r Arve&nbsp;Gudbrand&nbsp;Blihovde&nbsp;segerdefilerade ridande (!) p\u00e5 Atom Vinters rygg,&nbsp;Vieskers&nbsp;segert\u00e5g, Vitters banrekord och sj\u00e4lvklart J\u00e4rvs\u00f6faks dominans i [&hellip;]<\/p>\n","protected":false},"author":1,"featured_media":0,"parent":168,"menu_order":0,"comment_status":"closed","ping_status":"closed","template":"","meta":{"_acf_changed":false,"footnotes":""},"class_list":["post-217","page","type-page","status-publish","hentry"],"acf":[],"_links":{"self":[{"href":"https:\/\/solvalla.vmate.se\/elitloppet\/wp-json\/wp\/v2\/pages\/217","targetHints":{"allow":["GET"]}}],"collection":[{"href":"https:\/\/solvalla.vmate.se\/elitloppet\/wp-json\/wp\/v2\/pages"}],"about":[{"href":"https:\/\/solvalla.vmate.se\/elitloppet\/wp-json\/wp\/v2\/types\/page"}],"author":[{"embeddable":true,"href":"https:\/\/solvalla.vmate.se\/elitloppet\/wp-json\/wp\/v2\/users\/1"}],"replies":[{"embeddable":true,"href":"https:\/\/solvalla.vmate.se\/elitloppet\/wp-json\/wp\/v2\/comments?post=217"}],"version-history":[{"count":5,"href":"https:\/\/solvalla.vmate.se\/elitloppet\/wp-json\/wp\/v2\/pages\/217\/revisions"}],"predecessor-version":[{"id":791,"href":"https:\/\/solvalla.vmate.se\/elitloppet\/wp-json\/wp\/v2\/pages\/217\/revisions\/791"}],"up":[{"embeddable":true,"href":"https:\/\/solvalla.vmate.se\/elitloppet\/wp-json\/wp\/v2\/pages\/168"}],"wp:attachment":[{"href":"https:\/\/solvalla.vmate.se\/elitloppet\/wp-json\/wp\/v2\/media?parent=217"}],"curies":[{"name":"wp","href":"https:\/\/api.w.org\/{rel}","templated":true}]}}