{"id":168,"date":"2023-10-11T14:14:19","date_gmt":"2023-10-11T14:14:19","guid":{"rendered":"https:\/\/solvalla.vmate.se\/elitloppet\/?page_id=168"},"modified":"2023-10-18T12:45:26","modified_gmt":"2023-10-18T10:45:26","slug":"elitkampen","status":"publish","type":"page","link":"https:\/\/solvalla.vmate.se\/elitloppet\/elitkampen\/","title":{"rendered":"Elitkampen"},"content":{"rendered":"<section class=\"content-block content-block--core content-block--columns\"><div class=\"container-fluid\"><div class=\"row\"><div class=\"col-12\">\n<div class=\"wp-block-columns is-layout-flex wp-container-core-columns-is-layout-28f84493 wp-block-columns-is-layout-flex\">\n<div class=\"wp-block-column has-global-padding is-content-justification-left is-layout-constrained wp-container-core-column-is-layout-33b45ce3 wp-block-column-is-layout-constrained\" style=\"flex-basis:50%\">\n<figure class=\"wp-block-image size-large\"><img loading=\"lazy\" decoding=\"async\" width=\"1024\" height=\"576\" src=\"https:\/\/solvalla.vmate.se\/elitloppet\/wp-content\/uploads\/sites\/2\/2023\/10\/Evartti_1920x1080-1024x576.jpg\" alt=\"\" class=\"wp-image-795\" srcset=\"https:\/\/solvalla.vmate.se\/elitloppet\/wp-content\/uploads\/sites\/2\/2023\/10\/Evartti_1920x1080-1024x576.jpg 1024w, https:\/\/solvalla.vmate.se\/elitloppet\/wp-content\/uploads\/sites\/2\/2023\/10\/Evartti_1920x1080-300x169.jpg 300w, https:\/\/solvalla.vmate.se\/elitloppet\/wp-content\/uploads\/sites\/2\/2023\/10\/Evartti_1920x1080-768x432.jpg 768w, https:\/\/solvalla.vmate.se\/elitloppet\/wp-content\/uploads\/sites\/2\/2023\/10\/Evartti_1920x1080-1536x864.jpg 1536w, https:\/\/solvalla.vmate.se\/elitloppet\/wp-content\/uploads\/sites\/2\/2023\/10\/Evartti_1920x1080.jpg 1920w\" sizes=\"auto, (max-width: 1024px) 100vw, 1024px\" \/><\/figure>\n<\/div>\n\n\n\n<div class=\"wp-block-column is-layout-flow wp-block-column-is-layout-flow\" style=\"flex-basis:50%\">\n<h2 class=\"wp-block-heading\" style=\"text-transform:uppercase\">OM ELITKAMPEN<\/h2>\n\n\n\n<div aria-hidden=\"true\" class=\"wp-block-fsb-flexible-spacer fsb-flexible-spacer\"><div class=\"fsb-flexible-spacer__device fsb-flexible-spacer__device--lg\" style=\"margin-bottom:-5px\"><\/div><div class=\"fsb-flexible-spacer__device fsb-flexible-spacer__device--md\" style=\"margin-bottom:-5px\"><\/div><div class=\"fsb-flexible-spacer__device fsb-flexible-spacer__device--sm\" style=\"margin-bottom:-5px\"><\/div><\/div>\n\n\n\n<p>Om Nordisk Elitkamp, G\u00e4vleborgs Elitkamp, Elitkampen, Jim Fricks lopp. K\u00e4rt barn har som bekant m\u00e5nga namn och loppet har blivit en verklig h\u00f6jdpunkt under Elitloppshelgen.<\/p>\n\n\n\n<p>Den kallblodiga rasens fartfest har bjudit p\u00e5 fantastiska prestationer, sp\u00e4nning och inte minst underh\u00e5llning!<\/p>\n\n\n\n<div aria-hidden=\"true\" class=\"wp-block-fsb-flexible-spacer fsb-flexible-spacer\"><div class=\"fsb-flexible-spacer__device fsb-flexible-spacer__device--lg\" style=\"margin-bottom:-5px\"><\/div><div class=\"fsb-flexible-spacer__device fsb-flexible-spacer__device--md\" style=\"margin-bottom:-5px\"><\/div><div class=\"fsb-flexible-spacer__device fsb-flexible-spacer__device--sm\" style=\"margin-bottom:-5px\"><\/div><\/div>\n\n\n\n<div class=\"wp-block-buttons is-layout-flex wp-block-buttons-is-layout-flex\">\n<div class=\"wp-block-button btn btn-secondary btn--dot\"><a class=\"wp-block-button__link has-white-color has-text-color wp-element-button\" href=\"https:\/\/solvalla.vmate.se\/elitloppet\/elitkampen\/om-elitkampen\/\">L\u00e4s mer<\/a><\/div>\n<\/div>\n<\/div>\n<\/div>\n<\/div><\/div><\/div><\/section>","protected":false},"excerpt":{"rendered":"<p>OM ELITKAMPEN Om Nordisk Elitkamp, G\u00e4vleborgs Elitkamp, Elitkampen, Jim Fricks lopp. K\u00e4rt barn har som bekant m\u00e5nga namn och loppet har blivit en verklig h\u00f6jdpunkt under Elitloppshelgen. Den kallblodiga rasens fartfest har bjudit p\u00e5 fantastiska prestationer, sp\u00e4nning och inte minst underh\u00e5llning!<\/p>\n","protected":false},"author":1,"featured_media":0,"parent":0,"menu_order":0,"comment_status":"closed","ping_status":"closed","template":"","meta":{"_acf_changed":false,"footnotes":""},"class_list":["post-168","page","type-page","status-publish","hentry"],"acf":[],"_links":{"self":[{"href":"https:\/\/solvalla.vmate.se\/elitloppet\/wp-json\/wp\/v2\/pages\/168","targetHints":{"allow":["GET"]}}],"collection":[{"href":"https:\/\/solvalla.vmate.se\/elitloppet\/wp-json\/wp\/v2\/pages"}],"about":[{"href":"https:\/\/solvalla.vmate.se\/elitloppet\/wp-json\/wp\/v2\/types\/page"}],"author":[{"embeddable":true,"href":"https:\/\/solvalla.vmate.se\/elitloppet\/wp-json\/wp\/v2\/users\/1"}],"replies":[{"embeddable":true,"href":"https:\/\/solvalla.vmate.se\/elitloppet\/wp-json\/wp\/v2\/comments?post=168"}],"version-history":[{"count":4,"href":"https:\/\/solvalla.vmate.se\/elitloppet\/wp-json\/wp\/v2\/pages\/168\/revisions"}],"predecessor-version":[{"id":797,"href":"https:\/\/solvalla.vmate.se\/elitloppet\/wp-json\/wp\/v2\/pages\/168\/revisions\/797"}],"wp:attachment":[{"href":"https:\/\/solvalla.vmate.se\/elitloppet\/wp-json\/wp\/v2\/media?parent=168"}],"curies":[{"name":"wp","href":"https:\/\/api.w.org\/{rel}","templated":true}]}}