{"id":148,"date":"2023-10-11T08:21:27","date_gmt":"2023-10-11T08:21:27","guid":{"rendered":"https:\/\/solvalla.vmate.se\/elitloppet\/?page_id=148"},"modified":"2023-10-18T12:47:31","modified_gmt":"2023-10-18T10:47:31","slug":"elitloppet","status":"publish","type":"page","link":"https:\/\/solvalla.vmate.se\/elitloppet\/elitloppet\/","title":{"rendered":"Elitloppet"},"content":{"rendered":"<section class=\"content-block content-block--core content-block--group\"><div class=\"container-fluid\"><div class=\"row\"><div class=\"col-12\">\n<div class=\"wp-block-group has-global-padding is-layout-constrained wp-block-group-is-layout-constrained\">\n<div class=\"wp-block-columns is-layout-flex wp-container-core-columns-is-layout-28f84493 wp-block-columns-is-layout-flex\">\n<div class=\"wp-block-column has-global-padding is-content-justification-left is-layout-constrained wp-container-core-column-is-layout-17c2eafb wp-block-column-is-layout-constrained\" style=\"flex-basis:50%\">\n<figure class=\"wp-block-image size-large\"><img loading=\"lazy\" decoding=\"async\" width=\"1024\" height=\"576\" src=\"https:\/\/solvalla.vmate.se\/elitloppet\/wp-content\/uploads\/sites\/2\/2023\/10\/Upplopp_publik_1920x1080-1024x576.jpg\" alt=\"\" class=\"wp-image-799\" srcset=\"https:\/\/solvalla.vmate.se\/elitloppet\/wp-content\/uploads\/sites\/2\/2023\/10\/Upplopp_publik_1920x1080-1024x576.jpg 1024w, https:\/\/solvalla.vmate.se\/elitloppet\/wp-content\/uploads\/sites\/2\/2023\/10\/Upplopp_publik_1920x1080-300x169.jpg 300w, https:\/\/solvalla.vmate.se\/elitloppet\/wp-content\/uploads\/sites\/2\/2023\/10\/Upplopp_publik_1920x1080-768x432.jpg 768w, https:\/\/solvalla.vmate.se\/elitloppet\/wp-content\/uploads\/sites\/2\/2023\/10\/Upplopp_publik_1920x1080-1536x864.jpg 1536w, https:\/\/solvalla.vmate.se\/elitloppet\/wp-content\/uploads\/sites\/2\/2023\/10\/Upplopp_publik_1920x1080.jpg 1920w\" sizes=\"auto, (max-width: 1024px) 100vw, 1024px\" \/><\/figure>\n<\/div>\n\n\n\n<div class=\"wp-block-column is-layout-flow wp-block-column-is-layout-flow\" style=\"padding-top:0;padding-right:0;padding-bottom:0;padding-left:0;flex-basis:50%\">\n<h2 class=\"wp-block-heading\" style=\"text-transform:uppercase\">Om Elitloppet<\/h2>\n\n\n\n<div aria-hidden=\"true\" class=\"wp-block-fsb-flexible-spacer fsb-flexible-spacer\"><div class=\"fsb-flexible-spacer__device fsb-flexible-spacer__device--lg\" style=\"margin-bottom:-5px\"><\/div><div class=\"fsb-flexible-spacer__device fsb-flexible-spacer__device--md\" style=\"margin-bottom:-5px\"><\/div><div class=\"fsb-flexible-spacer__device fsb-flexible-spacer__device--sm\" style=\"margin-bottom:-5px\"><\/div><\/div>\n\n\n\n<p>Elitloppshelgen 2024 avg\u00f6rs mellan 24-26 maj. F\u00f6rs\u00f6k och final till Elitloppet k\u00f6rs p\u00e5 s\u00f6ndagen den 26 maj. Elitloppet var v\u00e4rldens st\u00f6rsta travlopp 2023. Det har k\u00f6rts sedan 1952 och avg\u00f6rs alltid den sista s\u00f6ndagen i maj p\u00e5 Solvalla. V\u00e4rldens b\u00e4sta h\u00e4star bjuds in f\u00f6r att g\u00f6ra upp i f\u00f6rs\u00f6k och final \u00f6ver sprinterdistans; 1609 meter.<\/p>\n\n\n\n<div class=\"wp-block-buttons is-layout-flex wp-block-buttons-is-layout-flex\">\n<div class=\"wp-block-button btn btn-secondary btn--dot\"><a class=\"wp-block-button__link has-white-color has-text-color wp-element-button\" href=\"https:\/\/solvalla.vmate.se\/elitloppet\/elitloppet\/om-elitloppet\/\">L\u00e4s mer<\/a><\/div>\n<\/div>\n<\/div>\n<\/div>\n\n\n\n<div aria-hidden=\"true\" class=\"wp-block-fsb-flexible-spacer fsb-flexible-spacer\"><div class=\"fsb-flexible-spacer__device fsb-flexible-spacer__device--lg\" style=\"height:80px\"><\/div><div class=\"fsb-flexible-spacer__device fsb-flexible-spacer__device--md\" style=\"height:50px\"><\/div><div class=\"fsb-flexible-spacer__device fsb-flexible-spacer__device--sm\" style=\"height:10px\"><\/div><\/div>\n\n\n\n<hr class=\"wp-block-separator has-alpha-channel-opacity\"\/>\n<\/div>\n<\/div><\/div><\/div><\/section>","protected":false},"excerpt":{"rendered":"<p>Om Elitloppet Elitloppshelgen 2024 avg\u00f6rs mellan 24-26 maj. F\u00f6rs\u00f6k och final till Elitloppet k\u00f6rs p\u00e5 s\u00f6ndagen den 26 maj. Elitloppet var v\u00e4rldens st\u00f6rsta travlopp 2023. Det har k\u00f6rts sedan 1952 och avg\u00f6rs alltid den sista s\u00f6ndagen i maj p\u00e5 Solvalla. V\u00e4rldens b\u00e4sta h\u00e4star bjuds in f\u00f6r att g\u00f6ra upp i f\u00f6rs\u00f6k och final \u00f6ver sprinterdistans; [&hellip;]<\/p>\n","protected":false},"author":1,"featured_media":0,"parent":0,"menu_order":0,"comment_status":"closed","ping_status":"closed","template":"","meta":{"_acf_changed":false,"footnotes":""},"class_list":["post-148","page","type-page","status-publish","hentry"],"acf":[],"_links":{"self":[{"href":"https:\/\/solvalla.vmate.se\/elitloppet\/wp-json\/wp\/v2\/pages\/148","targetHints":{"allow":["GET"]}}],"collection":[{"href":"https:\/\/solvalla.vmate.se\/elitloppet\/wp-json\/wp\/v2\/pages"}],"about":[{"href":"https:\/\/solvalla.vmate.se\/elitloppet\/wp-json\/wp\/v2\/types\/page"}],"author":[{"embeddable":true,"href":"https:\/\/solvalla.vmate.se\/elitloppet\/wp-json\/wp\/v2\/users\/1"}],"replies":[{"embeddable":true,"href":"https:\/\/solvalla.vmate.se\/elitloppet\/wp-json\/wp\/v2\/comments?post=148"}],"version-history":[{"count":6,"href":"https:\/\/solvalla.vmate.se\/elitloppet\/wp-json\/wp\/v2\/pages\/148\/revisions"}],"predecessor-version":[{"id":800,"href":"https:\/\/solvalla.vmate.se\/elitloppet\/wp-json\/wp\/v2\/pages\/148\/revisions\/800"}],"wp:attachment":[{"href":"https:\/\/solvalla.vmate.se\/elitloppet\/wp-json\/wp\/v2\/media?parent=148"}],"curies":[{"name":"wp","href":"https:\/\/api.w.org\/{rel}","templated":true}]}}