{"id":194,"date":"2023-10-13T10:37:07","date_gmt":"2023-10-13T10:37:07","guid":{"rendered":"https:\/\/solvalla.vmate.se\/elitloppet\/?page_id=194"},"modified":"2023-10-13T14:36:43","modified_gmt":"2023-10-13T14:36:43","slug":"biljettinformation","status":"publish","type":"page","link":"https:\/\/solvalla.vmate.se\/elitloppet\/en\/planera-besoket\/biljettinformation\/","title":{"rendered":"Biljettinformation"},"content":{"rendered":"<section class=\"content-block content-block--core content-block--group\"><div class=\"container-fluid\"><div class=\"row\"><div class=\"col-12\">\n<div class=\"wp-block-group has-global-padding is-content-justification-left is-layout-constrained wp-container-core-group-is-layout-b45bb346 wp-block-group-is-layout-constrained\">\n<h2 class=\"wp-block-heading display-2\">ELITLOPPET 26-28 MAJ<\/h2>\n\n\n\n<div aria-hidden=\"true\" class=\"wp-block-fsb-flexible-spacer fsb-flexible-spacer\"><div class=\"fsb-flexible-spacer__device fsb-flexible-spacer__device--lg\" style=\"margin-bottom:-5px\"><\/div><div class=\"fsb-flexible-spacer__device fsb-flexible-spacer__device--md\" style=\"margin-bottom:-5px\"><\/div><div class=\"fsb-flexible-spacer__device fsb-flexible-spacer__device--sm\" style=\"margin-bottom:-5px\"><\/div><\/div>\n\n\n\n<p class=\"has-medium-font-size\">Vi hoppas f\u00e5 se dig p\u00e5 Elitloppet sista helgen i maj. H\u00e4r \u00e4r information som \u00e4r bra att k\u00e4nna till innan du k\u00f6per dina biljetter.<\/p>\n\n\n\n<div class=\"wp-block-buttons is-layout-flex wp-block-buttons-is-layout-flex\">\n<div class=\"wp-block-button btn btn-secondary btn--dot\"><a class=\"wp-block-button__link has-white-color has-text-color wp-element-button\" href=\"https:\/\/secure.tickster.com\/sv\/r5elt5teek1mhkc\/products\" target=\"_blank\" rel=\"noreferrer noopener\">K\u00d6P BILJETTER<\/a><\/div>\n<\/div>\n\n\n\n<div aria-hidden=\"true\" class=\"wp-block-fsb-flexible-spacer fsb-flexible-spacer\"><div class=\"fsb-flexible-spacer__device fsb-flexible-spacer__device--lg\" style=\"height:20px\"><\/div><div class=\"fsb-flexible-spacer__device fsb-flexible-spacer__device--md\" style=\"height:15px\"><\/div><div class=\"fsb-flexible-spacer__device fsb-flexible-spacer__device--sm\" style=\"height:10px\"><\/div><\/div>\n\n\n\n<hr class=\"wp-block-separator has-alpha-channel-opacity wp-embed-aspect-16-9 wp-has-aspect-ratio\"\/>\n\n\n\n<div aria-hidden=\"true\" class=\"wp-block-fsb-flexible-spacer fsb-flexible-spacer\"><div class=\"fsb-flexible-spacer__device fsb-flexible-spacer__device--lg\" style=\"height:20px\"><\/div><div class=\"fsb-flexible-spacer__device fsb-flexible-spacer__device--md\" style=\"height:15px\"><\/div><div class=\"fsb-flexible-spacer__device fsb-flexible-spacer__device--sm\" style=\"height:10px\"><\/div><\/div>\n\n\n\n<h2 class=\"wp-block-heading\" style=\"text-transform:uppercase\">N\u00e4r du k\u00f6pt biljetten<\/h2>\n\n\n\n<div aria-hidden=\"true\" class=\"wp-block-fsb-flexible-spacer fsb-flexible-spacer\"><div class=\"fsb-flexible-spacer__device fsb-flexible-spacer__device--lg\" style=\"margin-bottom:-5px\"><\/div><div class=\"fsb-flexible-spacer__device fsb-flexible-spacer__device--md\" style=\"margin-bottom:-5px\"><\/div><div class=\"fsb-flexible-spacer__device fsb-flexible-spacer__device--sm\" style=\"margin-bottom:-5px\"><\/div><\/div>\n\n\n\n<p>Ladda ned din biljett och ha den l\u00e4ttillg\u00e4nglig n\u00e4r du kommer till Arenan. Entr\u00e9 kan endast ske mot uppvisande av giltig biljett.<\/p>\n\n\n\n<p>Observera att vi inte \u00e5terk\u00f6per biljetter men det \u00e4r till\u00e5tet att \u00f6verl\u00e5ta biljett till annan. Giltigt sjukintyg g\u00e4ller f\u00f6r \u00e5terbetalning.<\/p>\n\n\n\n<p>Det g\u00e5r enbart att k\u00f6pa entr\u00e9biljetter till publikplats. Dessa g\u00e4ller ej f\u00f6r tilltr\u00e4de till stallbacken.<\/p>\n\n\n\n<p>Restaurang- och l\u00e4ktarbiljetter s\u00e4ljs enbart online. Det g\u00e4ller \u00e4ven den rabatterade helgbiljetten. Entr\u00e9 till enskilda dagar kan k\u00f6pas direkt i entr\u00e9kassan men debiteras d\u00e5 med 50 kr extra i serviceavgift.<\/p>\n\n\n\n<p>I samband med att du k\u00f6per din biljett online s\u00e5 beh\u00f6ver du \u00e4ven ge samtycke till Solvallas\u00a0<a href=\"https:\/\/www.solvalla.se\/personuppgiftspolicy\">personuppgiftspolicy<\/a>.<\/p>\n\n\n\n<div aria-hidden=\"true\" class=\"wp-block-fsb-flexible-spacer fsb-flexible-spacer\"><div class=\"fsb-flexible-spacer__device fsb-flexible-spacer__device--lg\" style=\"height:20px\"><\/div><div class=\"fsb-flexible-spacer__device fsb-flexible-spacer__device--md\" style=\"height:15px\"><\/div><div class=\"fsb-flexible-spacer__device fsb-flexible-spacer__device--sm\" style=\"height:10px\"><\/div><\/div>\n\n\n\n<hr class=\"wp-block-separator has-alpha-channel-opacity wp-embed-aspect-16-9 wp-has-aspect-ratio\"\/>\n\n\n\n<div aria-hidden=\"true\" class=\"wp-block-fsb-flexible-spacer fsb-flexible-spacer\"><div class=\"fsb-flexible-spacer__device fsb-flexible-spacer__device--lg\" style=\"height:20px\"><\/div><div class=\"fsb-flexible-spacer__device fsb-flexible-spacer__device--md\" style=\"height:15px\"><\/div><div class=\"fsb-flexible-spacer__device fsb-flexible-spacer__device--sm\" style=\"height:10px\"><\/div><\/div>\n\n\n\n<h2 class=\"wp-block-heading\" style=\"text-transform:uppercase\">Barn och ungdomar<\/h2>\n\n\n\n<div aria-hidden=\"true\" class=\"wp-block-fsb-flexible-spacer fsb-flexible-spacer\"><div class=\"fsb-flexible-spacer__device fsb-flexible-spacer__device--lg\" style=\"margin-bottom:-5px\"><\/div><div class=\"fsb-flexible-spacer__device fsb-flexible-spacer__device--md\" style=\"margin-bottom:-5px\"><\/div><div class=\"fsb-flexible-spacer__device fsb-flexible-spacer__device--sm\" style=\"margin-bottom:-5px\"><\/div><\/div>\n\n\n\n<p>Barn och ungdomar under 18 \u00e5r har fri entr\u00e9 i m\u00e5lsmans s\u00e4llskap. Detta g\u00e4ller enbart f\u00f6r entr\u00e9, ej f\u00f6r restaurang- eller l\u00e4ktarbiljetter.<\/p>\n\n\n\n<div aria-hidden=\"true\" class=\"wp-block-fsb-flexible-spacer fsb-flexible-spacer\"><div class=\"fsb-flexible-spacer__device fsb-flexible-spacer__device--lg\" style=\"height:20px\"><\/div><div class=\"fsb-flexible-spacer__device fsb-flexible-spacer__device--md\" style=\"height:15px\"><\/div><div class=\"fsb-flexible-spacer__device fsb-flexible-spacer__device--sm\" style=\"height:10px\"><\/div><\/div>\n\n\n\n<hr class=\"wp-block-separator has-alpha-channel-opacity wp-embed-aspect-16-9 wp-has-aspect-ratio\"\/>\n\n\n\n<div aria-hidden=\"true\" class=\"wp-block-fsb-flexible-spacer fsb-flexible-spacer\"><div class=\"fsb-flexible-spacer__device fsb-flexible-spacer__device--lg\" style=\"height:20px\"><\/div><div class=\"fsb-flexible-spacer__device fsb-flexible-spacer__device--md\" style=\"height:15px\"><\/div><div class=\"fsb-flexible-spacer__device fsb-flexible-spacer__device--sm\" style=\"height:10px\"><\/div><\/div>\n\n\n\n<h2 class=\"wp-block-heading\" style=\"text-transform:uppercase\">\u00c5rskort eller fribiljetter<\/h2>\n\n\n\n<div aria-hidden=\"true\" class=\"wp-block-fsb-flexible-spacer fsb-flexible-spacer\"><div class=\"fsb-flexible-spacer__device fsb-flexible-spacer__device--lg\" style=\"margin-bottom:-5px\"><\/div><div class=\"fsb-flexible-spacer__device fsb-flexible-spacer__device--md\" style=\"margin-bottom:-5px\"><\/div><div class=\"fsb-flexible-spacer__device fsb-flexible-spacer__device--sm\" style=\"margin-bottom:-5px\"><\/div><\/div>\n\n\n\n<p>Om du \u00e4r ber\u00e4ttigad till Svensk Travsports \u00e5rskort 2024 s\u00e5 har du fri entr\u00e9 under hela Elitloppshelgen. Entr\u00e9n g\u00e4ller enbart f\u00f6r kortinnehavaren p\u00e5 publikplats, du har allts\u00e5 inte m\u00f6jlighet att bjuda med en g\u00e4st p\u00e5 ditt \u00e5rskort under l\u00f6rdagen och s\u00f6ndagen. Under fredagen har kortet samma villkor som vanliga travdagar.<\/p>\n\n\n\n<p>\u00c5rskort, fribiljetter eller andra entr\u00e9erbjudanden kan inte kombineras med restaurang- eller l\u00e4ktarbiljetter. Restaurang- och l\u00e4ktarbiljetter s\u00e4ljs alltid separat.<\/p>\n\n\n\n<div aria-hidden=\"true\" class=\"wp-block-fsb-flexible-spacer fsb-flexible-spacer\"><div class=\"fsb-flexible-spacer__device fsb-flexible-spacer__device--lg\" style=\"height:20px\"><\/div><div class=\"fsb-flexible-spacer__device fsb-flexible-spacer__device--md\" style=\"height:15px\"><\/div><div class=\"fsb-flexible-spacer__device fsb-flexible-spacer__device--sm\" style=\"height:10px\"><\/div><\/div>\n\n\n\n<hr class=\"wp-block-separator has-alpha-channel-opacity wp-embed-aspect-16-9 wp-has-aspect-ratio\"\/>\n\n\n\n<div aria-hidden=\"true\" class=\"wp-block-fsb-flexible-spacer fsb-flexible-spacer\"><div class=\"fsb-flexible-spacer__device fsb-flexible-spacer__device--lg\" style=\"height:20px\"><\/div><div class=\"fsb-flexible-spacer__device fsb-flexible-spacer__device--md\" style=\"height:15px\"><\/div><div class=\"fsb-flexible-spacer__device fsb-flexible-spacer__device--sm\" style=\"height:10px\"><\/div><\/div>\n\n\n\n<h2 class=\"wp-block-heading\" style=\"text-transform:uppercase\">Restaurangbiljetter<\/h2>\n\n\n\n<div aria-hidden=\"true\" class=\"wp-block-fsb-flexible-spacer fsb-flexible-spacer\"><div class=\"fsb-flexible-spacer__device fsb-flexible-spacer__device--lg\" style=\"margin-bottom:-5px\"><\/div><div class=\"fsb-flexible-spacer__device fsb-flexible-spacer__device--md\" style=\"margin-bottom:-5px\"><\/div><div class=\"fsb-flexible-spacer__device fsb-flexible-spacer__device--sm\" style=\"margin-bottom:-5px\"><\/div><\/div>\n\n\n\n<p>Ange eventuella allergier\/kostavvikelser vid din bokning.<\/p>\n\n\n\n<p>Entr\u00e9 till arenan ing\u00e5r i alla restaurangbiljetter.<\/p>\n\n\n\n<p>Restaurangbiljetter g\u00e4ller enbart f\u00f6r den lokal som anges p\u00e5 biljetten. Du kan till exempel inte \u00e4ta i en restaurang och sedan g\u00e5 \u00f6ver till en annan.<\/p>\n\n\n\n<p>Har du fr\u00e5gor eller \u00f6nskem\u00e5l ang\u00e5ende din restaurangbokning s\u00e5 kontakta\u00a0<a href=\"mailto:restauranger@solvalla.se\">restauranger@solvalla.se<\/a><\/p>\n\n\n\n<p>eller 08-635 91 00<\/p>\n\n\n\n<div aria-hidden=\"true\" class=\"wp-block-fsb-flexible-spacer fsb-flexible-spacer\"><div class=\"fsb-flexible-spacer__device fsb-flexible-spacer__device--lg\" style=\"height:20px\"><\/div><div class=\"fsb-flexible-spacer__device fsb-flexible-spacer__device--md\" style=\"height:15px\"><\/div><div class=\"fsb-flexible-spacer__device fsb-flexible-spacer__device--sm\" style=\"height:10px\"><\/div><\/div>\n\n\n\n<hr class=\"wp-block-separator has-alpha-channel-opacity wp-embed-aspect-16-9 wp-has-aspect-ratio\"\/>\n\n\n\n<div aria-hidden=\"true\" class=\"wp-block-fsb-flexible-spacer fsb-flexible-spacer\"><div class=\"fsb-flexible-spacer__device fsb-flexible-spacer__device--lg\" style=\"height:20px\"><\/div><div class=\"fsb-flexible-spacer__device fsb-flexible-spacer__device--md\" style=\"height:15px\"><\/div><div class=\"fsb-flexible-spacer__device fsb-flexible-spacer__device--sm\" style=\"height:10px\"><\/div><\/div>\n\n\n\n<h2 class=\"wp-block-heading\" style=\"text-transform:uppercase\">Betalning p\u00e5\u00a0arenen<\/h2>\n\n\n\n<div aria-hidden=\"true\" class=\"wp-block-fsb-flexible-spacer fsb-flexible-spacer\"><div class=\"fsb-flexible-spacer__device fsb-flexible-spacer__device--lg\" style=\"margin-bottom:-5px\"><\/div><div class=\"fsb-flexible-spacer__device fsb-flexible-spacer__device--md\" style=\"margin-bottom:-5px\"><\/div><div class=\"fsb-flexible-spacer__device fsb-flexible-spacer__device--sm\" style=\"margin-bottom:-5px\"><\/div><\/div>\n\n\n\n<p>Solvalla \u00e4r en kontantfri arena. Det g\u00e4ller i s\u00e5v\u00e4l serveringsst\u00e4llen som entr\u00e9, servicecenter och andra ink\u00f6psst\u00e4llen. Spel p\u00e5 h\u00e4star sker digitalt p\u00e5 din telefon, surfplatta eller dator.<\/p>\n\n\n\n<div aria-hidden=\"true\" class=\"wp-block-fsb-flexible-spacer fsb-flexible-spacer\"><div class=\"fsb-flexible-spacer__device fsb-flexible-spacer__device--lg\" style=\"height:20px\"><\/div><div class=\"fsb-flexible-spacer__device fsb-flexible-spacer__device--md\" style=\"height:15px\"><\/div><div class=\"fsb-flexible-spacer__device fsb-flexible-spacer__device--sm\" style=\"height:10px\"><\/div><\/div>\n\n\n\n<hr class=\"wp-block-separator has-alpha-channel-opacity wp-embed-aspect-16-9 wp-has-aspect-ratio\"\/>\n\n\n\n<div aria-hidden=\"true\" class=\"wp-block-fsb-flexible-spacer fsb-flexible-spacer\"><div class=\"fsb-flexible-spacer__device fsb-flexible-spacer__device--lg\" style=\"height:20px\"><\/div><div class=\"fsb-flexible-spacer__device fsb-flexible-spacer__device--md\" style=\"height:15px\"><\/div><div class=\"fsb-flexible-spacer__device fsb-flexible-spacer__device--sm\" style=\"height:10px\"><\/div><\/div>\n\n\n\n<h2 class=\"wp-block-heading\" style=\"text-transform:uppercase\">Arenaomr\u00e5det filmas och fotas<\/h2>\n\n\n\n<div aria-hidden=\"true\" class=\"wp-block-fsb-flexible-spacer fsb-flexible-spacer\"><div class=\"fsb-flexible-spacer__device fsb-flexible-spacer__device--lg\" style=\"margin-bottom:-5px\"><\/div><div class=\"fsb-flexible-spacer__device fsb-flexible-spacer__device--md\" style=\"margin-bottom:-5px\"><\/div><div class=\"fsb-flexible-spacer__device fsb-flexible-spacer__device--sm\" style=\"margin-bottom:-5px\"><\/div><\/div>\n\n\n\n<p>N\u00e4r ni bes\u00f6ker Solvalla (Stockholms Travs\u00e4llskap) samtycker ni till att fotograferas och filmas. Materialet kan komma att anv\u00e4ndas i TV samt i Solvallas marknadsf\u00f6ring och digitala kanaler.<\/p>\n\n\n\n<div aria-hidden=\"true\" class=\"wp-block-fsb-flexible-spacer fsb-flexible-spacer\"><div class=\"fsb-flexible-spacer__device fsb-flexible-spacer__device--lg\" style=\"height:20px\"><\/div><div class=\"fsb-flexible-spacer__device fsb-flexible-spacer__device--md\" style=\"height:15px\"><\/div><div class=\"fsb-flexible-spacer__device fsb-flexible-spacer__device--sm\" style=\"height:10px\"><\/div><\/div>\n\n\n\n<hr class=\"wp-block-separator has-alpha-channel-opacity wp-embed-aspect-16-9 wp-has-aspect-ratio\"\/>\n\n\n\n<div aria-hidden=\"true\" class=\"wp-block-fsb-flexible-spacer fsb-flexible-spacer\"><div class=\"fsb-flexible-spacer__device fsb-flexible-spacer__device--lg\" style=\"height:20px\"><\/div><div class=\"fsb-flexible-spacer__device fsb-flexible-spacer__device--md\" style=\"height:15px\"><\/div><div class=\"fsb-flexible-spacer__device fsb-flexible-spacer__device--sm\" style=\"height:10px\"><\/div><\/div>\n\n\n\n<h2 class=\"wp-block-heading\" style=\"text-transform:uppercase\">\u00d6vriga fr\u00e5gor<\/h2>\n\n\n\n<div aria-hidden=\"true\" class=\"wp-block-fsb-flexible-spacer fsb-flexible-spacer\"><div class=\"fsb-flexible-spacer__device fsb-flexible-spacer__device--lg\" style=\"margin-bottom:-5px\"><\/div><div class=\"fsb-flexible-spacer__device fsb-flexible-spacer__device--md\" style=\"margin-bottom:-5px\"><\/div><div class=\"fsb-flexible-spacer__device fsb-flexible-spacer__device--sm\" style=\"margin-bottom:-5px\"><\/div><\/div>\n\n\n\n<p>Har du fr\u00e5gor s\u00e5 kontakta oss g\u00e4rna p\u00e5\u00a0<a href=\"mailto:info@elitloppet.se\">info@elitloppet.se<\/a><\/p>\n\n\n\n<div aria-hidden=\"true\" class=\"wp-block-fsb-flexible-spacer fsb-flexible-spacer\"><div class=\"fsb-flexible-spacer__device fsb-flexible-spacer__device--lg\" style=\"height:1px\"><\/div><div class=\"fsb-flexible-spacer__device fsb-flexible-spacer__device--md\" style=\"height:1px\"><\/div><div class=\"fsb-flexible-spacer__device fsb-flexible-spacer__device--sm\" style=\"height:1px\"><\/div><\/div>\n\n\n\n<div class=\"wp-block-buttons is-layout-flex wp-block-buttons-is-layout-flex\">\n<div class=\"wp-block-button btn btn-secondary btn--dot\"><a class=\"wp-block-button__link has-white-color has-text-color wp-element-button\" href=\"https:\/\/secure.tickster.com\/sv\/r5elt5teek1mhkc\/products\" target=\"_blank\" rel=\"noreferrer noopener\">K\u00d6P BILJETTER<\/a><\/div>\n<\/div>\n<\/div>\n<\/div><\/div><\/div><\/section>","protected":false},"excerpt":{"rendered":"<p>ELITLOPPET 26-28 MAJ Vi hoppas f\u00e5 se dig p\u00e5 Elitloppet sista helgen i maj. H\u00e4r \u00e4r information som \u00e4r bra att k\u00e4nna till innan du k\u00f6per dina biljetter. N\u00e4r du k\u00f6pt biljetten Ladda ned din biljett och ha den l\u00e4ttillg\u00e4nglig n\u00e4r du kommer till Arenan. Entr\u00e9 kan endast ske mot uppvisande av giltig biljett. Observera [&hellip;]<\/p>\n","protected":false},"author":1,"featured_media":0,"parent":13,"menu_order":0,"comment_status":"closed","ping_status":"closed","template":"","meta":{"_acf_changed":false,"footnotes":""},"class_list":["post-194","page","type-page","status-publish","hentry"],"acf":[],"_links":{"self":[{"href":"https:\/\/solvalla.vmate.se\/elitloppet\/en\/wp-json\/wp\/v2\/pages\/194","targetHints":{"allow":["GET"]}}],"collection":[{"href":"https:\/\/solvalla.vmate.se\/elitloppet\/en\/wp-json\/wp\/v2\/pages"}],"about":[{"href":"https:\/\/solvalla.vmate.se\/elitloppet\/en\/wp-json\/wp\/v2\/types\/page"}],"author":[{"embeddable":true,"href":"https:\/\/solvalla.vmate.se\/elitloppet\/en\/wp-json\/wp\/v2\/users\/1"}],"replies":[{"embeddable":true,"href":"https:\/\/solvalla.vmate.se\/elitloppet\/en\/wp-json\/wp\/v2\/comments?post=194"}],"version-history":[{"count":13,"href":"https:\/\/solvalla.vmate.se\/elitloppet\/en\/wp-json\/wp\/v2\/pages\/194\/revisions"}],"predecessor-version":[{"id":292,"href":"https:\/\/solvalla.vmate.se\/elitloppet\/en\/wp-json\/wp\/v2\/pages\/194\/revisions\/292"}],"up":[{"embeddable":true,"href":"https:\/\/solvalla.vmate.se\/elitloppet\/en\/wp-json\/wp\/v2\/pages\/13"}],"wp:attachment":[{"href":"https:\/\/solvalla.vmate.se\/elitloppet\/en\/wp-json\/wp\/v2\/media?parent=194"}],"curies":[{"name":"wp","href":"https:\/\/api.w.org\/{rel}","templated":true}]}}